{"id":95,"date":"2018-06-26T13:04:45","date_gmt":"2018-06-26T16:04:45","guid":{"rendered":"http:\/\/smoortodontia.com.br\/site\/?page_id=95"},"modified":"2018-06-26T15:27:04","modified_gmt":"2018-06-26T18:27:04","slug":"contato","status":"publish","type":"page","link":"https:\/\/smoortodontia.com.br\/site\/contato\/","title":{"rendered":"Contato"},"content":{"rendered":"<p>[et_pb_section bb_built=&#8221;1&#8243; specialty=&#8221;off&#8221; next_background_color=&#8221;#000000&#8243; _builder_version=&#8221;3.8&#8243; background_color=&#8221;#00ffae&#8221; background_image=&#8221;http:\/\/smoortodontia.com.br\/site\/wp-content\/uploads\/2018\/06\/fundoemail.jpg&#8221; global_module=&#8221;50&#8243;][et_pb_row global_parent=&#8221;50&#8243; _builder_version=&#8221;3.8&#8243; make_fullwidth=&#8221;on&#8221;][et_pb_column type=&#8221;4_4&#8243;][et_pb_contact_form global_parent=&#8221;50&#8243; _builder_version=&#8221;3.8&#8243; title=&#8221;Contato&#8221; success_message=&#8221;Obrigado&#8221; submit_button_text=&#8221;Enviar&#8221; email=&#8221;contato@smoortodontia.com.br&#8221; custom_button=&#8221;on&#8221; button_bg_color=&#8221;rgba(0,255,174,0.3)&#8221; button_border_color=&#8221;#00ffae&#8221; button_border_radius=&#8221;2&#8243; border_width_all=&#8221;1px&#8221; border_color_all=&#8221;#00ffae&#8221; button_text_color=&#8221;#00ffae&#8221; button_icon_color=&#8221;#00ffae&#8221; animation_style=&#8221;slide&#8221;][et_pb_contact_field field_title=&#8221;Nome&#8221; field_type=&#8221;input&#8221; field_id=&#8221;Name&#8221; required_mark=&#8221;on&#8221; fullwidth_field=&#8221;off&#8221; \/][et_pb_contact_field field_title=&#8221;E-mail&#8221; field_type=&#8221;email&#8221; field_id=&#8221;Email&#8221; required_mark=&#8221;on&#8221; fullwidth_field=&#8221;off&#8221; \/][et_pb_contact_field field_title=&#8221;Mensagem&#8221; field_type=&#8221;text&#8221; field_id=&#8221;Message&#8221; required_mark=&#8221;on&#8221; fullwidth_field=&#8221;on&#8221; \/][\/et_pb_contact_form][\/et_pb_column][\/et_pb_row][\/et_pb_section][et_pb_section bb_built=&#8221;1&#8243; specialty=&#8221;off&#8221; prev_background_color=&#8221;#00ffae&#8221; _builder_version=&#8221;3.8&#8243; background_color=&#8221;#000000&#8243; global_module=&#8221;48&#8243;][et_pb_row global_parent=&#8221;48&#8243; _builder_version=&#8221;3.8&#8243; make_fullwidth=&#8221;on&#8221;][et_pb_column type=&#8221;1_4&#8243;][et_pb_text global_parent=&#8221;48&#8243; _builder_version=&#8221;3.8&#8243; text_orientation=&#8221;justified&#8221; background_layout=&#8221;dark&#8221;]<\/p>\n<h3><span style=\"color: #00ffae;\">A Cl\u00ednica:\u00a0<\/span><\/h3>\n<p>A Cl\u00ednica SMO-Ortodontia est\u00e1 localizada\u00a0 em uma das regi\u00f5es privilegiadas da cidade de S\u00e3o Paulo,<br \/>\npr\u00f3xima ao Metr\u00f4 e Shopping Center Santa Cruz, ao Col\u00e9gio\u00a0 Arquidiocesano de S\u00e3o Paulo e ao Hospital S\u00e3o Paulo <a href=\"http:\/\/smoortodontia.com.br\/site\/a-clinica\/\">Leia Mais<\/a><\/p>\n<hr \/>\n<ul>\n<li><span style=\"color: #00ffae;\">RUA TENENTE GOMES RIBEIRO<\/span><\/li>\n<li>N\u00ba 57 CJ 91\/92 VILA MARIANA.<\/li>\n<li>TEL:<span style=\"color: #00ffae;\">(11) 5575.2898 &#8211; 5579-0879<\/span><\/li>\n<\/ul>\n<p>&nbsp;<\/p>\n<p>&nbsp;<\/p>\n<p>[\/et_pb_text][\/et_pb_column][et_pb_column type=&#8221;1_4&#8243;][et_pb_text global_parent=&#8221;48&#8243; _builder_version=&#8221;3.8&#8243; text_orientation=&#8221;justified&#8221; background_layout=&#8221;dark&#8221;]<\/p>\n<h3><span style=\"color: #00ffae;\">Consultas :<\/span><\/h3>\n<ul>\n<li>SEGUNDA-FEIRA\u00a0 <span style=\"color: #00ffae;\">09:00 \u00c0S 17:00<\/span><\/li>\n<li>TER\u00c7A-FEIRA\u00a0 \u00a0 \u00a0 \u00a0 09:00 \u00c0S 17:00<\/li>\n<li>QUARTA-FEIRA\u00a0 \u00a0 \u00a0<span style=\"color: #00ffae;\">09:00 \u00c0S 17:00<\/span><\/li>\n<li>QUINTA-FEIRA\u00a0 \u00a0 \u00a0 09:00 \u00c0S 17:00<\/li>\n<li>SEXTA-FEIRA\u00a0 \u00a0 \u00a0 \u00a0 <span style=\"color: #00ffae;\">09:00 \u00c0S 17:00<\/span><\/li>\n<\/ul>\n<hr \/>\n<p><img loading=\"lazy\" decoding=\"async\" class=\"alignnone wp-image-43\" src=\"http:\/\/smoortodontia.com.br\/site\/wp-content\/uploads\/2018\/06\/logosmo-300x61.jpg\" alt=\"\" width=\"236\" height=\"48\" srcset=\"https:\/\/smoortodontia.com.br\/site\/wp-content\/uploads\/2018\/06\/logosmo-300x61.jpg 300w, https:\/\/smoortodontia.com.br\/site\/wp-content\/uploads\/2018\/06\/logosmo.jpg 466w\" sizes=\"(max-width: 236px) 100vw, 236px\" \/><\/p>\n<p>[\/et_pb_text][\/et_pb_column][et_pb_column type=&#8221;1_4&#8243;][et_pb_text global_parent=&#8221;48&#8243; _builder_version=&#8221;3.8&#8243; text_orientation=&#8221;justified&#8221; background_layout=&#8221;dark&#8221;]<\/p>\n<h3><span style=\"color: #00ffae;\">Dra Sandra :\u00a0<\/span><\/h3>\n<ul>\n<li>Especialista pela Sociedade Paulista de Ortodontia-SP;<br \/>\nP\u00f3s-Gradua\u00e7\u00e3o em Ortodontia \u2013 USP;<br \/>\nP\u00f3s-Gradua\u00e7\u00e3o em Dor Orofacial UNIFESP;<br \/>\nFellow em Ortodontia no Roth Williams Center &#8211; USA; Fellow em Ortodontia e Oclus\u00e3o Funcional &#8211;<br \/>\nChile.<\/li>\n<\/ul>\n<p>[\/et_pb_text][\/et_pb_column][et_pb_column type=&#8221;1_4&#8243;][et_pb_text global_parent=&#8221;48&#8243; _builder_version=&#8221;3.8&#8243; text_orientation=&#8221;justified&#8221; background_layout=&#8221;dark&#8221;]<\/p>\n<h3><span style=\"color: #00ffae;\">Privacidade:<\/span><\/h3>\n<ul>\n<li>A \u00a0&#8220;SMO&#8221; zela pela privacidade e prote\u00e7\u00e3o dos dados pessoais de seus clientes e visitantes, mantendo assim a rela\u00e7\u00e3o de confian\u00e7a, respeito e transpar\u00eancia. Apenas pessoal qualificado e autorizado tem permiss\u00e3o para acessar os dados coletados.Em nenhuma circunst\u00e2ncia, tais informa\u00e7\u00f5es s\u00e3o vendidas ou compartilhadas com terceiros.<\/li>\n<\/ul>\n<p>[\/et_pb_text][\/et_pb_column][\/et_pb_row][et_pb_row global_parent=&#8221;48&#8243; _builder_version=&#8221;3.8&#8243; make_fullwidth=&#8221;on&#8221;][et_pb_column type=&#8221;4_4&#8243;][et_pb_text global_parent=&#8221;48&#8243; _builder_version=&#8221;3.8&#8243; text_orientation=&#8221;justified&#8221; background_layout=&#8221;dark&#8221;]<\/p>\n<h3 style=\"text-align: center;\"><span style=\"color: #00ffae;\">Tratamento :\u00a0<\/span><\/h3>\n<p>Ap\u00f3s a erup\u00e7\u00e3o dos dentes permanentes, o objetivo \u00e9 obter um correto alinhamento dos dentes, proporcionando um sorriso agrad\u00e1vel e uma fun\u00e7\u00e3o adequada.Estes movimentos dent\u00e1rios s\u00e3o obtidos atrav\u00e9s dos aparelhos fixos(terapia ortod\u00f4ntica). O tratamento ortod\u00f4ntico restabelece uma boa fun\u00e7\u00e3o dent\u00e1ria e melhora a apar\u00eancia do sorriso. \u00c9 importante lembrar que um sorriso bonito, alem de ser agrad\u00e1vel, aumenta a Auto-&#8221; estima.N\u00e3o importa a idade <span style=\"color: #00ffae;\">Saiba Mais<\/span><\/p>\n<p>&nbsp;<\/p>\n<p>&nbsp;<\/p>\n<p>[\/et_pb_text][\/et_pb_column][\/et_pb_row][\/et_pb_section]<\/p>\n","protected":false},"excerpt":{"rendered":"<p>A Cl\u00ednica:\u00a0 A Cl\u00ednica SMO-Ortodontia est\u00e1 localizada\u00a0 em uma das regi\u00f5es privilegiadas da cidade de S\u00e3o Paulo, pr\u00f3xima ao Metr\u00f4 e Shopping Center Santa Cruz, ao Col\u00e9gio\u00a0 Arquidiocesano de S\u00e3o Paulo e ao Hospital S\u00e3o Paulo Leia Mais RUA TENENTE GOMES RIBEIRO N\u00ba 57 CJ 91\/92 VILA MARIANA. TEL:(11) 5575.2898 &#8211; 5579-0879 &nbsp; &nbsp; Consultas [&hellip;]<\/p>\n","protected":false},"author":1,"featured_media":0,"parent":0,"menu_order":0,"comment_status":"closed","ping_status":"closed","template":"","meta":{"_et_pb_use_builder":"on","_et_pb_old_content":"","_et_gb_content_width":"","footnotes":""},"class_list":["post-95","page","type-page","status-publish","hentry"],"aioseo_notices":[],"_links":{"self":[{"href":"https:\/\/smoortodontia.com.br\/site\/wp-json\/wp\/v2\/pages\/95","targetHints":{"allow":["GET"]}}],"collection":[{"href":"https:\/\/smoortodontia.com.br\/site\/wp-json\/wp\/v2\/pages"}],"about":[{"href":"https:\/\/smoortodontia.com.br\/site\/wp-json\/wp\/v2\/types\/page"}],"author":[{"embeddable":true,"href":"https:\/\/smoortodontia.com.br\/site\/wp-json\/wp\/v2\/users\/1"}],"replies":[{"embeddable":true,"href":"https:\/\/smoortodontia.com.br\/site\/wp-json\/wp\/v2\/comments?post=95"}],"version-history":[{"count":3,"href":"https:\/\/smoortodontia.com.br\/site\/wp-json\/wp\/v2\/pages\/95\/revisions"}],"predecessor-version":[{"id":130,"href":"https:\/\/smoortodontia.com.br\/site\/wp-json\/wp\/v2\/pages\/95\/revisions\/130"}],"wp:attachment":[{"href":"https:\/\/smoortodontia.com.br\/site\/wp-json\/wp\/v2\/media?parent=95"}],"curies":[{"name":"wp","href":"https:\/\/api.w.org\/{rel}","templated":true}]}}