{"id":121,"date":"2018-06-26T13:31:11","date_gmt":"2018-06-26T16:31:11","guid":{"rendered":"http:\/\/smoortodontia.com.br\/site\/?page_id=121"},"modified":"2018-06-26T13:31:11","modified_gmt":"2018-06-26T16:31:11","slug":"equipe","status":"publish","type":"page","link":"https:\/\/smoortodontia.com.br\/site\/equipe\/","title":{"rendered":"Equipe"},"content":{"rendered":"<p>[et_pb_section bb_built=&#8221;1&#8243; specialty=&#8221;off&#8221; next_background_color=&#8221;#ffffff&#8221; _builder_version=&#8221;3.8&#8243; background_color=&#8221;#2af7ca&#8221; background_image=&#8221;http:\/\/smoortodontia.com.br\/site\/wp-content\/uploads\/2018\/06\/fundolight.jpg&#8221;][et_pb_row _builder_version=&#8221;3.8&#8243; make_fullwidth=&#8221;on&#8221;][et_pb_column type=&#8221;4_4&#8243;][et_pb_text _builder_version=&#8221;3.8&#8243;]<\/p>\n<p><img loading=\"lazy\" decoding=\"async\" class=\"size-medium wp-image-14 alignleft\" src=\"http:\/\/smoortodontia.com.br\/site\/wp-content\/uploads\/2018\/06\/clinica01-286x300.png\" alt=\"\" width=\"286\" height=\"300\" srcset=\"https:\/\/smoortodontia.com.br\/site\/wp-content\/uploads\/2018\/06\/clinica01-286x300.png 286w, https:\/\/smoortodontia.com.br\/site\/wp-content\/uploads\/2018\/06\/clinica01.png 400w\" sizes=\"(max-width: 286px) 100vw, 286px\" \/><br \/>\nDr Sandra<\/p>\n<p>Especialista pela Sociedade Paulista de Ortodontia-SP;<br \/>\nP\u00f3s-Gradua\u00e7\u00e3o em Ortodontia \u2013 USP;<br \/>\nP\u00f3s-Gradua\u00e7\u00e3o em Dor Orofacial UNIFESP;<br \/>\nFellow em Ortodontia no Roth Williams Center &#8211; USA; Fellow em Ortodontia e Oclus\u00e3o Funcional &#8211;<br \/>\nChile; Fellow em Damon System \u2013 USA; Membro da World Federation of Orthodontists;<br \/>\nMembro da Associa\u00e7\u00e3o Brasileira de Ortodontia e Ortopedia Facial &#8211;<br \/>\nABOR; Membro do Grupo Brasileiro de Ortodontia Straight-Wire;<br \/>\nMembro da Associa\u00e7\u00e3o Paulista de Cirurgi\u00f5es Dentistas &#8211; APCD;<br \/>\nMembro da Sociedade Paulista de Ortodontia -SPO;<br \/>\nMembro da Sociedade Brasileira de ATM e Dor Orofacial \u2013SOBRAD;<br \/>\nMembro da Sociedade Brasileira de Odontologia Est\u00e9tica \u2013 ABPE;<br \/>\ne Membro da Associa\u00e7\u00e3o Brasileira de Analgesia Inalat\u00f3ria e Seda\u00e7\u00e3o Consciente \u2013 ABASCO<\/p>\n<p>[\/et_pb_text][\/et_pb_column][\/et_pb_row][\/et_pb_section][et_pb_section bb_built=&#8221;1&#8243; next_background_color=&#8221;#000000&#8243; prev_background_color=&#8221;#2af7ca&#8221; _builder_version=&#8221;3.8&#8243; background_image=&#8221;http:\/\/smoortodontia.com.br\/site\/wp-content\/uploads\/2018\/06\/fundolight.jpg&#8221;][et_pb_row _builder_version=&#8221;3.8&#8243; make_fullwidth=&#8221;on&#8221; use_custom_gutter=&#8221;on&#8221; gutter_width=&#8221;1&#8243;][et_pb_column type=&#8221;4_4&#8243;][et_pb_gallery _builder_version=&#8221;3.8&#8243; gallery_ids=&#8221;19,17,16,15,14&#8243; posts_number=&#8221;6&#8243; show_title_and_caption=&#8221;off&#8221; show_pagination=&#8221;off&#8221; zoom_icon_color=&#8221;#e2f1ed&#8221; hover_overlay_color=&#8221;rgba(255,255,255,0.9)&#8221; \/][\/et_pb_column][\/et_pb_row][\/et_pb_section][et_pb_section bb_built=&#8221;1&#8243; specialty=&#8221;off&#8221; _builder_version=&#8221;3.8&#8243; background_color=&#8221;#000000&#8243; global_module=&#8221;48&#8243; prev_background_color=&#8221;#ffffff&#8221;][et_pb_row global_parent=&#8221;48&#8243; _builder_version=&#8221;3.8&#8243; make_fullwidth=&#8221;on&#8221;][et_pb_column type=&#8221;1_4&#8243;][et_pb_text global_parent=&#8221;48&#8243; _builder_version=&#8221;3.8&#8243; text_orientation=&#8221;justified&#8221; background_layout=&#8221;dark&#8221;]<\/p>\n<h3><span style=\"color: #00ffae;\">A Cl\u00ednica:\u00a0<\/span><\/h3>\n<p>A Cl\u00ednica SMO-Ortodontia est\u00e1 localizada\u00a0 em uma das regi\u00f5es privilegiadas da cidade de S\u00e3o Paulo,<br \/>\npr\u00f3xima ao Metr\u00f4 e Shopping Center Santa Cruz, ao Col\u00e9gio\u00a0 Arquidiocesano de S\u00e3o Paulo e ao Hospital S\u00e3o Paulo <a href=\"http:\/\/smoortodontia.com.br\/site\/a-clinica\/\">Leia Mais<\/a><\/p>\n<hr \/>\n<ul>\n<li><span style=\"color: #00ffae;\">RUA TENENTE GOMES RIBEIRO<\/span><\/li>\n<li>N\u00ba 57 CJ 91\/92 VILA MARIANA.<\/li>\n<li>TEL:<span style=\"color: #00ffae;\">(11) 5575.2898 &#8211; 5579-0879<\/span><\/li>\n<\/ul>\n<p>[\/et_pb_text][\/et_pb_column][et_pb_column type=&#8221;1_4&#8243;][et_pb_text global_parent=&#8221;48&#8243; _builder_version=&#8221;3.8&#8243; text_orientation=&#8221;justified&#8221; background_layout=&#8221;dark&#8221;]<\/p>\n<h3><span style=\"color: #00ffae;\">Consultas :<\/span><\/h3>\n<ul>\n<li>SEGUNDA-FEIRA\u00a0 <span style=\"color: #00ffae;\">09:00 \u00c0S 17:00<\/span><\/li>\n<li>TER\u00c7A-FEIRA\u00a0 \u00a0 \u00a0 \u00a0 09:00 \u00c0S 17:00<\/li>\n<li>QUARTA-FEIRA\u00a0 \u00a0 \u00a0<span style=\"color: #00ffae;\">09:00 \u00c0S 17:00<\/span><\/li>\n<li>QUINTA-FEIRA\u00a0 \u00a0 \u00a0 09:00 \u00c0S 17:00<\/li>\n<li>SEXTA-FEIRA\u00a0 \u00a0 \u00a0 \u00a0 <span style=\"color: #00ffae;\">09:00 \u00c0S 17:00<\/span><\/li>\n<\/ul>\n<hr \/>\n<p><img loading=\"lazy\" decoding=\"async\" class=\"alignnone wp-image-43\" src=\"http:\/\/smoortodontia.com.br\/site\/wp-content\/uploads\/2018\/06\/logosmo-300x61.jpg\" alt=\"\" width=\"236\" height=\"48\" srcset=\"https:\/\/smoortodontia.com.br\/site\/wp-content\/uploads\/2018\/06\/logosmo-300x61.jpg 300w, https:\/\/smoortodontia.com.br\/site\/wp-content\/uploads\/2018\/06\/logosmo.jpg 466w\" sizes=\"(max-width: 236px) 100vw, 236px\" \/><\/p>\n<p>[\/et_pb_text][\/et_pb_column][et_pb_column type=&#8221;1_4&#8243;][et_pb_text global_parent=&#8221;48&#8243; _builder_version=&#8221;3.8&#8243; text_orientation=&#8221;justified&#8221; background_layout=&#8221;dark&#8221;]<\/p>\n<h3><span style=\"color: #00ffae;\">Dra Sandra :\u00a0<\/span><\/h3>\n<ul>\n<li>Especialista pela Sociedade Paulista de Ortodontia-SP;<br \/>\nP\u00f3s-Gradua\u00e7\u00e3o em Ortodontia \u2013 USP;<br \/>\nP\u00f3s-Gradua\u00e7\u00e3o em Dor Orofacial UNIFESP;<br \/>\nFellow em Ortodontia no Roth Williams Center &#8211; USA; Fellow em Ortodontia e Oclus\u00e3o Funcional &#8211;<br \/>\nChile.<\/li>\n<\/ul>\n<p>[\/et_pb_text][\/et_pb_column][et_pb_column type=&#8221;1_4&#8243;][et_pb_text global_parent=&#8221;48&#8243; _builder_version=&#8221;3.8&#8243; text_orientation=&#8221;justified&#8221; background_layout=&#8221;dark&#8221;]<\/p>\n<h3><span style=\"color: #00ffae;\">Privacidade:<\/span><\/h3>\n<ul>\n<li>A \u00a0&#8220;Endolaser&#8221; zela pela privacidade e prote\u00e7\u00e3o dos dados pessoais de seus clientes e visitantes, mantendo assim a rela\u00e7\u00e3o de confian\u00e7a, respeito e transpar\u00eancia. Apenas pessoal qualificado e autorizado tem permiss\u00e3o para acessar os dados coletados.Em nenhuma circunst\u00e2ncia, tais informa\u00e7\u00f5es s\u00e3o vendidas ou compartilhadas com terceiros.<\/li>\n<\/ul>\n<p>[\/et_pb_text][\/et_pb_column][\/et_pb_row][et_pb_row global_parent=&#8221;48&#8243; _builder_version=&#8221;3.8&#8243; make_fullwidth=&#8221;on&#8221;][et_pb_column type=&#8221;4_4&#8243;][et_pb_text global_parent=&#8221;48&#8243; _builder_version=&#8221;3.8&#8243; text_orientation=&#8221;justified&#8221; background_layout=&#8221;dark&#8221;]<\/p>\n<h3 style=\"text-align: center;\"><span style=\"color: #00ffae;\">Tratamento :\u00a0<\/span><\/h3>\n<p>Ap\u00f3s a erup\u00e7\u00e3o dos dentes permanentes, o objetivo \u00e9 obter um correto alinhamento dos dentes, proporcionando um sorriso agrad\u00e1vel e uma fun\u00e7\u00e3o adequada.Estes movimentos dent\u00e1rios s\u00e3o obtidos atrav\u00e9s dos aparelhos fixos(terapia ortod\u00f4ntica). O tratamento ortod\u00f4ntico restabelece uma boa fun\u00e7\u00e3o dent\u00e1ria e melhora a apar\u00eancia do sorriso. \u00c9 importante lembrar que um sorriso bonito, alem de ser agrad\u00e1vel, aumenta a Auto-&#8221; estima.N\u00e3o importa a idade <span style=\"color: #00ffae;\">Saiba Mais<\/span><\/p>\n<p>[\/et_pb_text][\/et_pb_column][\/et_pb_row][\/et_pb_section]<\/p>\n","protected":false},"excerpt":{"rendered":"<p>Dr Sandra Especialista pela Sociedade Paulista de Ortodontia-SP; P\u00f3s-Gradua\u00e7\u00e3o em Ortodontia \u2013 USP; P\u00f3s-Gradua\u00e7\u00e3o em Dor Orofacial UNIFESP; Fellow em Ortodontia no Roth Williams Center &#8211; USA; Fellow em Ortodontia e Oclus\u00e3o Funcional &#8211; Chile; Fellow em Damon System \u2013 USA; Membro da World Federation of Orthodontists; Membro da Associa\u00e7\u00e3o Brasileira de Ortodontia e Ortopedia [&hellip;]<\/p>\n","protected":false},"author":1,"featured_media":0,"parent":0,"menu_order":0,"comment_status":"closed","ping_status":"closed","template":"","meta":{"_et_pb_use_builder":"on","_et_pb_old_content":"","_et_gb_content_width":"","footnotes":""},"class_list":["post-121","page","type-page","status-publish","hentry"],"aioseo_notices":[],"_links":{"self":[{"href":"https:\/\/smoortodontia.com.br\/site\/wp-json\/wp\/v2\/pages\/121","targetHints":{"allow":["GET"]}}],"collection":[{"href":"https:\/\/smoortodontia.com.br\/site\/wp-json\/wp\/v2\/pages"}],"about":[{"href":"https:\/\/smoortodontia.com.br\/site\/wp-json\/wp\/v2\/types\/page"}],"author":[{"embeddable":true,"href":"https:\/\/smoortodontia.com.br\/site\/wp-json\/wp\/v2\/users\/1"}],"replies":[{"embeddable":true,"href":"https:\/\/smoortodontia.com.br\/site\/wp-json\/wp\/v2\/comments?post=121"}],"version-history":[{"count":1,"href":"https:\/\/smoortodontia.com.br\/site\/wp-json\/wp\/v2\/pages\/121\/revisions"}],"predecessor-version":[{"id":123,"href":"https:\/\/smoortodontia.com.br\/site\/wp-json\/wp\/v2\/pages\/121\/revisions\/123"}],"wp:attachment":[{"href":"https:\/\/smoortodontia.com.br\/site\/wp-json\/wp\/v2\/media?parent=121"}],"curies":[{"name":"wp","href":"https:\/\/api.w.org\/{rel}","templated":true}]}}