{"id":111,"date":"2018-06-26T13:15:49","date_gmt":"2018-06-26T16:15:49","guid":{"rendered":"http:\/\/smoortodontia.com.br\/site\/?page_id=111"},"modified":"2020-06-09T17:52:31","modified_gmt":"2020-06-09T20:52:31","slug":"tratamento","status":"publish","type":"page","link":"https:\/\/smoortodontia.com.br\/site\/tratamento\/","title":{"rendered":"Damon System e Tratamento"},"content":{"rendered":"<p>[et_pb_section fb_built=&#8221;1&#8243; _builder_version=&#8221;3.22&#8243; background_image=&#8221;https:\/\/smoortodontia.com.br\/site\/wp-content\/uploads\/2018\/06\/fundolight.jpg&#8221; bb_built=&#8221;1&#8243; _i=&#8221;0&#8243; _address=&#8221;0&#8243;][et_pb_row module_class=&#8221; et_pb_row_fullwidth et_pb_row_fullwidth&#8221; _builder_version=&#8221;3.25&#8243; width=&#8221;89%&#8221; width_tablet=&#8221;80%&#8221; width_last_edited=&#8221;on|desktop&#8221; max_width=&#8221;89%&#8221; max_width_tablet=&#8221;80%&#8221; max_width_last_edited=&#8221;on|desktop&#8221; make_fullwidth=&#8221;on&#8221; _i=&#8221;0&#8243; _address=&#8221;0.0&#8243;][et_pb_column type=&#8221;4_4&#8243; _builder_version=&#8221;3.0.47&#8243; custom_padding=&#8221;|||&#8221; custom_padding__hover=&#8221;|||&#8221; _i=&#8221;0&#8243; _address=&#8221;0.0.0&#8243;][et_pb_text _builder_version=&#8221;3.27.3&#8243; text_text_align=&#8221;justify&#8221; text_orientation=&#8221;justified&#8221; z_index_tablet=&#8221;500&#8243; hover_enabled=&#8221;0&#8243; text_text_shadow_horizontal_length_tablet=&#8221;0px&#8221; text_text_shadow_vertical_length_tablet=&#8221;0px&#8221; text_text_shadow_blur_strength_tablet=&#8221;1px&#8221; link_text_shadow_horizontal_length_tablet=&#8221;0px&#8221; link_text_shadow_vertical_length_tablet=&#8221;0px&#8221; link_text_shadow_blur_strength_tablet=&#8221;1px&#8221; ul_text_shadow_horizontal_length_tablet=&#8221;0px&#8221; ul_text_shadow_vertical_length_tablet=&#8221;0px&#8221; ul_text_shadow_blur_strength_tablet=&#8221;1px&#8221; ol_text_shadow_horizontal_length_tablet=&#8221;0px&#8221; ol_text_shadow_vertical_length_tablet=&#8221;0px&#8221; ol_text_shadow_blur_strength_tablet=&#8221;1px&#8221; quote_text_shadow_horizontal_length_tablet=&#8221;0px&#8221; quote_text_shadow_vertical_length_tablet=&#8221;0px&#8221; quote_text_shadow_blur_strength_tablet=&#8221;1px&#8221; header_text_shadow_horizontal_length_tablet=&#8221;0px&#8221; header_text_shadow_vertical_length_tablet=&#8221;0px&#8221; header_text_shadow_blur_strength_tablet=&#8221;1px&#8221; header_2_text_shadow_horizontal_length_tablet=&#8221;0px&#8221; header_2_text_shadow_vertical_length_tablet=&#8221;0px&#8221; header_2_text_shadow_blur_strength_tablet=&#8221;1px&#8221; header_3_text_shadow_horizontal_length_tablet=&#8221;0px&#8221; header_3_text_shadow_vertical_length_tablet=&#8221;0px&#8221; header_3_text_shadow_blur_strength_tablet=&#8221;1px&#8221; header_4_text_shadow_horizontal_length_tablet=&#8221;0px&#8221; header_4_text_shadow_vertical_length_tablet=&#8221;0px&#8221; header_4_text_shadow_blur_strength_tablet=&#8221;1px&#8221; header_5_text_shadow_horizontal_length_tablet=&#8221;0px&#8221; header_5_text_shadow_vertical_length_tablet=&#8221;0px&#8221; header_5_text_shadow_blur_strength_tablet=&#8221;1px&#8221; header_6_text_shadow_horizontal_length_tablet=&#8221;0px&#8221; header_6_text_shadow_vertical_length_tablet=&#8221;0px&#8221; header_6_text_shadow_blur_strength_tablet=&#8221;1px&#8221; box_shadow_horizontal_tablet=&#8221;0px&#8221; box_shadow_vertical_tablet=&#8221;0px&#8221; box_shadow_blur_tablet=&#8221;40px&#8221; box_shadow_spread_tablet=&#8221;0px&#8221; _i=&#8221;0&#8243; _address=&#8221;0.0.0.0&#8243;]<\/p>\n<h1 style=\"text-align: center;\" data-element-id=\"hmap-0\">Damon System, Orto Lingual e conte\u00fado Ortod\u00f4ntico<\/h1>\n<p>&nbsp;<\/p>\n<p>Assista ao video, leia o conte\u00fado dessa pagina e descubra o porque voce optar\u00e1 em utilizar este aparelho para tornar seu sorriso mais Bonito.<\/p>\n<p><iframe loading=\"lazy\" src=\"https:\/\/www.youtube.com\/embed\/svo5tCiXRts\" width=\"560\" height=\"315\" frameborder=\"0\" allowfullscreen=\"allowfullscreen\"><\/iframe><\/p>\n<p>Ap\u00f3s a erup\u00e7\u00e3o dos dentes permanentes, o objetivo \u00e9 obter um correto alinhamento dos dentes, proporcionando um sorriso agrad\u00e1vel e uma fun\u00e7\u00e3o adequada.Estes movimentos dent\u00e1rios s\u00e3o obtidos atrav\u00e9s dos aparelhos fixos(terapia ortod\u00f4ntica). O tratamento ortod\u00f4ntico restabelece uma boa fun\u00e7\u00e3o dent\u00e1ria e melhora a apar\u00eancia do sorriso. \u00c9 importante lembrar que um sorriso bonito, alem de ser agrad\u00e1vel, aumenta a Auto-&#8221; estima. N\u00e3o importa a idade.<\/p>\n<p>SMO-Ortodontia proporciona a todos os seus pacientes, tratamentos ortod\u00f4nticos especializados completos e com excel\u00eancia de qualidade. A cl\u00ednica SMO-Ortodontia oferece uma Odontologia integrada. Uni\u00e3o de todas as especialidades que busca tratar o paciente como um todo. Assim como um rel\u00f3gio,todos os org\u00e3os do corpo devem funcionar em equil\u00edbrio. Odontologia de Primeiro Mundo. Unir a Ortodontia \u00e0 Odontologia Est\u00e9tica, Reabilita\u00e7\u00e3o Oral, cirurgia e Aten\u00e7\u00f5es Personalizadas. &#8220;A Cl\u00ednica SMO-Ortodontia oferece aos seus pacientes tratamento diferenciado, utilizando o que h\u00e1 de mais moderno na \u00e1rea.<\/p>\n<p><strong>Ortodontia Lingual<\/strong><\/p>\n<p>Aparelho fixo colocado na parede interna&#8221; dos dentes.\u00c9 uma alternativa para adultos que por raz\u00f5es sociais ou profissionais n\u00e3o podem exibir que est\u00e3o com a aparatologia fixa.<\/p>\n<p><span style=\"font-size: 14px;\">O aparelho dent\u00e1rio do tipo Damon System usa um m\u00e9todo diferente para &#8220;prender&#8221; o fio.<\/span><\/p>\n<p>Enquanto que o aparelho convencional faz uso dos el\u00e1sticos, o Damon System n\u00e3o, os brackets s\u00e3o auto-ligados, isto \u00e9, o fio \u00e9 preso aos brackets atrav\u00e9s de uma &#8220;portinha&#8221; pr\u00e9-existente em cada bracket. Voc\u00ea nem imagina a diferen\u00e7a que isso faz!<\/p>\n<p>O fio quando fica \u00e0 temperatura da sua boca toma o formato que o seu ortodontista pr\u00e9-determinar no sentido de alinhar os seus dentes. Isto permite um alinhamento mais controlado e r\u00e1pido. Inovador certo?! Ou seja, trata-se de um aparelho dent\u00e1rio que a \u00fanica semelhan\u00e7a que tem com o convencional \u00e9 o fato de ser um aparelho fixo.<\/p>\n<p>Consideramos que qualquer cl\u00ednica dent\u00e1ria de prest\u00edgio ter\u00e1 j\u00e1 ao seu dispor este tipo de aparelho. Porque? S\u00e3o muito mais eficazes. J\u00e1 parou para pensar h\u00e1 quanto tempo existem os aparelhos fixos de el\u00e1sticos? Tempo demais! Os aparelhos dent\u00e1rios de brackets auto-ligados s\u00e3o a evolu\u00e7\u00e3o natural na \u00e1rea da Ortodontia corretiva. Estamos certos que este tipo de aparelho ir\u00e1 gradualmente fazer desaparecer o &#8220;antigo&#8221;. Afinal quem n\u00e3o gostaria de ter uma denti\u00e7\u00e3o perfeita em menos tempo e com menos dor?<\/p>\n<p>Este aparelho o fio tem memoria. \u00c9 f\u00e1cil de perceber, o fio quando fica \u00e0 temperatura da sua boca toma o formato que o seu ortodontista pr\u00e9-determinar no sentido de alinhar os seus dentes. Isto permite um alinhamento mais controlado e r\u00e1pido. Inovador certo?! Ou seja, trata-se de um aparelho dent\u00e1rio que a \u00fanica semelhan\u00e7a que tem com o convencional \u00e9 o fato de ser um aparelho fixo. Tudo o resto \u00e9 diferente.<\/p>\n<p>[\/et_pb_text][et_pb_text _builder_version=&#8221;3.27.3&#8243; text_text_align=&#8221;justify&#8221; text_orientation=&#8221;justified&#8221; z_index_tablet=&#8221;500&#8243; text_text_shadow_horizontal_length_tablet=&#8221;0px&#8221; text_text_shadow_vertical_length_tablet=&#8221;0px&#8221; text_text_shadow_blur_strength_tablet=&#8221;1px&#8221; link_text_shadow_horizontal_length_tablet=&#8221;0px&#8221; link_text_shadow_vertical_length_tablet=&#8221;0px&#8221; link_text_shadow_blur_strength_tablet=&#8221;1px&#8221; ul_text_shadow_horizontal_length_tablet=&#8221;0px&#8221; ul_text_shadow_vertical_length_tablet=&#8221;0px&#8221; ul_text_shadow_blur_strength_tablet=&#8221;1px&#8221; ol_text_shadow_horizontal_length_tablet=&#8221;0px&#8221; ol_text_shadow_vertical_length_tablet=&#8221;0px&#8221; ol_text_shadow_blur_strength_tablet=&#8221;1px&#8221; quote_text_shadow_horizontal_length_tablet=&#8221;0px&#8221; quote_text_shadow_vertical_length_tablet=&#8221;0px&#8221; quote_text_shadow_blur_strength_tablet=&#8221;1px&#8221; header_text_shadow_horizontal_length_tablet=&#8221;0px&#8221; header_text_shadow_vertical_length_tablet=&#8221;0px&#8221; header_text_shadow_blur_strength_tablet=&#8221;1px&#8221; header_2_text_shadow_horizontal_length_tablet=&#8221;0px&#8221; header_2_text_shadow_vertical_length_tablet=&#8221;0px&#8221; header_2_text_shadow_blur_strength_tablet=&#8221;1px&#8221; header_3_text_shadow_horizontal_length_tablet=&#8221;0px&#8221; header_3_text_shadow_vertical_length_tablet=&#8221;0px&#8221; header_3_text_shadow_blur_strength_tablet=&#8221;1px&#8221; header_4_text_shadow_horizontal_length_tablet=&#8221;0px&#8221; header_4_text_shadow_vertical_length_tablet=&#8221;0px&#8221; header_4_text_shadow_blur_strength_tablet=&#8221;1px&#8221; header_5_text_shadow_horizontal_length_tablet=&#8221;0px&#8221; header_5_text_shadow_vertical_length_tablet=&#8221;0px&#8221; header_5_text_shadow_blur_strength_tablet=&#8221;1px&#8221; header_6_text_shadow_horizontal_length_tablet=&#8221;0px&#8221; header_6_text_shadow_vertical_length_tablet=&#8221;0px&#8221; header_6_text_shadow_blur_strength_tablet=&#8221;1px&#8221; box_shadow_horizontal_tablet=&#8221;0px&#8221; box_shadow_vertical_tablet=&#8221;0px&#8221; box_shadow_blur_tablet=&#8221;40px&#8221; box_shadow_spread_tablet=&#8221;0px&#8221; _i=&#8221;1&#8243; _address=&#8221;0.0.0.1&#8243;]<\/p>\n<h2>Conhe\u00e7a o Tratamento Damon Smile<\/h2>\n<p>Os aparelhos dent\u00e1rios do tipo Damon System (designa\u00e7\u00e3o do inventor do sistema ortod\u00f4ntico) consiste simplesmente de um aparelho dent\u00e1rio fixo em que os brackets funcionam sem el\u00e1sticos, da\u00ed a designa\u00e7\u00e3o de auto-ligantes (pois ligam-se ao \u201cfio\u201d sem el\u00e1sticos). N\u00e3o deixe de ver o v\u00eddeo explicativo! S\u00e3o de momento\u00a0uma aut\u00eantica revolu\u00e7\u00e3o na ortodontia. Porqu\u00ea? S\u00e3o muito mais eficazes que os aparelhos fixos convencionais. Leia este artigo e perceber\u00e1 porque deve esquecer os aparelhos com el\u00e1sticos convencionais.<\/p>\n<p><img loading=\"lazy\" decoding=\"async\" class=\"alignleft\" src=\"https:\/\/meuortodontista.com.br\/wp-content\/uploads\/brackets-damon.png\" alt=\"suporte damon system\" width=\"300\" height=\"300\" \/><\/p>\n<h2>O que \u00e9 um aparelho ortod\u00f4ntico do tipo Damon System<\/h2>\n<p>Observe a figura seguinte e verifique algumas das diferen\u00e7as entre estes dois tipos de aparelhos dent\u00e1rios<\/p>\n<p><img loading=\"lazy\" decoding=\"async\" src=\"https:\/\/cdn.shortpixel.ai\/client\/to_webp,q_glossy,ret_img,w_300,h_300\/https:\/\/meuortodontista.com.br\/wp-content\/uploads\/brackets-damon-300x300.png\" alt=\"\" width=\"300\" height=\"300\" data-src=\"https:\/\/cdn.shortpixel.ai\/client\/to_webp,q_glossy,ret_img,w_300,h_300\/https:\/\/meuortodontista.com.br\/wp-content\/uploads\/brackets-damon-300x300.png\" \/>Como se v\u00ea pela figura, o aparelho ortod\u00f4ntco Damon System usa um m\u00e9todo diferente para \u201cprender\u201d o fio. Enquanto \u00a0o aparelho convencional faz uso dos el\u00e1sticos, o Damon System n\u00e3o, os brackets s\u00e3o auto-ligantes, isto \u00e9, o fio \u00e9 preso aos brackets atrav\u00e9s de uma \u201cportinhola\u201d pr\u00e9-existente em cada bracket. Voc\u00ea nem imagina a diferen\u00e7a que isso faz! Mais adiante veremos o porqu\u00ea desta pequena inova\u00e7\u00e3o e as suas enormes vantagens. Al\u00e9m disso o \u201cfio\u201d \u00e9 totalmente distinto. Neste aparelho o\u00a0fio tem memoria. \u00c9 f\u00e1cil de perceber, o fio quando fica \u00e0 temperatura da sua boca toma o formato que o seu ortodontista pr\u00e9-determinar no sentido de alinhar os seus dentes. Isto permite um alinhamento mais controlado e r\u00e1pido. Inovador certo?! Ou seja, trata-se de um aparelho ortod\u00f4ntico que a \u00fanica semelhan\u00e7a que tem com o convencional \u00e9 o facto de ser um aparelho fixo. Todo o resto \u00e9 diferente.<\/p>\n<h2>5 Raz\u00f5es para colocar um aparelho de brackets auto-ligantes<\/h2>\n<p>As principais vantagens s\u00e3o (prepare-se para ficar surpreendido):<\/p>\n<ul>\n<li>\n<p>Tratamento 50% mais r\u00e1pido, sendo que a m\u00e9dia de uso \u00e9 de 18 meses<\/p>\n<\/li>\n<li>\n<p>provoca\u00a0menos dor\u00a0e desconforto no seu uso e habitua\u00e7\u00e3o<\/p>\n<\/li>\n<li>\n<p>muito\u00a0menos consultas, pode em alguns casos fazer ajustes de 3 em 3 meses<\/p>\n<\/li>\n<li>\n<p>80% dos casos\u00a0n\u00e3o implicam extra\u00e7\u00e3o de dentes<\/p>\n<\/li>\n<li>\n<p>sem utiliza\u00e7\u00e3o de expansores\u00a0(para alargar maxilas)<\/p>\n<\/li>\n<li>\n<p>existe tamb\u00e9m com brackets transparentes<\/p>\n<\/li>\n<\/ul>\n<div id=\"main-content\">\n<article id=\"post-102\">\n<div id=\"et-boc\">\n<p><img loading=\"lazy\" decoding=\"async\" class=\"wp-image-6337 alignleft\" src=\"https:\/\/meuortodontista.com.br\/wp-content\/uploads\/damon-clear-transparente.gif\" alt=\"damon clear transparente\" width=\"237\" height=\"206\" \/><\/p>\n<h2>Mas porque \u00e9 que nunca ouvi falar deste aparelho?<\/h2>\n<p>Simples a tecnologia \u00e9 recente e s\u00e3o poucos os dentistas habilitados a colocar este tipo de aparelho. \u00c9 que tanto \u00e1 coloca\u00e7\u00e3o, como manuten\u00e7\u00e3o e at\u00e9 manuseamento s\u00e3o totalmente diferentes dos aparelhos convencionais. Consideramos que qualquer cl\u00ednica dent\u00e1ria de prest\u00edgio ter\u00e1 j\u00e1 ao seu dispor este tipo de aparelho. Porque? S\u00e3o muito mais eficazes. J\u00e1 parou para pensar h\u00e1 quanto tempo existem os aparelhos fixos de el\u00e1sticos? Tempo demais! Os aparelhos dent\u00e1rios de brackets auto-ligantes s\u00e3o a evolu\u00e7\u00e3o natural na \u00e1rea da Ortodontia Corretiva. Estamos certos que este tipo de aparelho ir\u00e1 gradualmente fazer desaparecer o \u201cantigo\u201d. Afinal quem n\u00e3o gostaria de ter uma denti\u00e7\u00e3o perfeita em menos tempo e com menos dor?<\/p>\n<\/div>\n<\/article>\n<\/div>\n<p>Como se trata de uma nova tecnologia , \u00e9 natural que o pre\u00e7o seja ligeiramente superior, mas n\u00e3o se assuste, talvez note um acr\u00e9scimo de 10 a 20% no pre\u00e7o do aparelho. Sabe porque \u00e9 mais r\u00e1pido o tratamento com este aparelho? \u00c9 que os brackets com el\u00e1sticos provocam maior atrito no movimento do bracket, assim com brackets auto-ligantes a denti\u00e7\u00e3o sendo sujeita \u00e0 mesma for\u00e7a move-se mais r\u00e1pido pois o\u00a0atrito \u00e9 quase nulo. Reduzindo dessa forma,o tempo pela metade. (Regra geral seu ortodontista ir\u00e1 at\u00e9 aplicar menos for\u00e7a, pois os dentes se mover\u00e3o com facilidade e n\u00e3o h\u00e1 necessidade de apressar o tratamento, sen\u00e3o poder\u00e1 incorrer em alguns problemas graves como periodontite).<\/p>\n<p>Como o fio \u00e9 \u201cpr\u00e9-programado\u201d a sua maxila ir\u00e1 ter um formato muito mais natural. Dispensa-se assim o uso de expansores. Al\u00e9m disso, a manuten\u00e7\u00e3o diminuir\u00e1 drasticamente. Se com o aparelho fixo convencional poder\u00e1 ter de ir TODO m\u00eas ao dentista, com este aparelho poder\u00e1 bastar uma ida cada 3 meses!<\/p>\n<h2>Coloque um aparelho de brackets auto-ligantes<\/h2>\n<p>Como j\u00e1 deve ter reparado, o nosso entusiasmo por este tipo de aparelho \u00e9 enorme. Afinal \u00e9 a mais recente revolu\u00e7\u00e3o na Ortodontia que permite tratamentos mais eficazes e em menos tempo. Tratar-se da melhor op\u00e7\u00e3o atualmente, uma vez que o seu custo n\u00e3o \u00e9 t\u00e3o elevado \u00a0e al\u00e9m disso permite-lhe obter uma denti\u00e7\u00e3o muito mais natural do que com qualquer outro tipo de aparelho fixo.\u00a0 Visite o site<a href=\"http:\/\/www.damonbraces.com\/\" target=\"_blank\" rel=\"noopener noreferrer\"> www.damonbraces.com<\/a><\/p>\n<p>V\u00eddeo e explica\u00e7\u00e3o de como funciona o aparelho Damon System<\/p>\n<p><iframe loading=\"lazy\" src=\"https:\/\/www.youtube.com\/embed\/QKCidqbcFwU\" width=\"500\" height=\"345\" frameborder=\"0\"><\/iframe><\/p>\n<p>[\/et_pb_text][\/et_pb_column][\/et_pb_row][\/et_pb_section][et_pb_section fb_built=&#8221;1&#8243; _builder_version=&#8221;3.8&#8243; background_color=&#8221;#000000&#8243; global_module=&#8221;48&#8243; bb_built=&#8221;1&#8243; _i=&#8221;4&#8243; _address=&#8221;4&#8243;][et_pb_row column_structure=&#8221;1_4,1_4,1_4,1_4&#8243; module_class=&#8221; et_pb_row_fullwidth&#8221; _builder_version=&#8221;3.25&#8243; width=&#8221;89%&#8221; width_tablet=&#8221;80%&#8221; width_last_edited=&#8221;on|desktop&#8221; max_width=&#8221;89%&#8221; max_width_tablet=&#8221;80%&#8221; max_width_last_edited=&#8221;on|desktop&#8221; make_fullwidth=&#8221;on&#8221; _i=&#8221;0&#8243; _address=&#8221;1.0&#8243;][et_pb_column type=&#8221;1_4&#8243; _builder_version=&#8221;3.25&#8243; custom_padding=&#8221;|||&#8221; _i=&#8221;0&#8243; _address=&#8221;1.0.0&#8243; custom_padding__hover=&#8221;|||&#8221;][et_pb_text _builder_version=&#8221;3.27.3&#8243; text_orientation=&#8221;justified&#8221; background_layout=&#8221;dark&#8221; _i=&#8221;0&#8243; _address=&#8221;1.0.0.0&#8243;]<\/p>\n<h3><span style=\"color: #00ffae;\">A Cl\u00ednica:\u00a0<\/span><\/h3>\n<p>A Cl\u00ednica SMO-Ortodontia est\u00e1 localizada\u00a0 em uma das regi\u00f5es privilegiadas da cidade de S\u00e3o Paulo,<br \/> pr\u00f3xima ao Metr\u00f4 e Shopping Center Santa Cruz, ao Col\u00e9gio\u00a0 Arquidiocesano de S\u00e3o Paulo e ao Hospital S\u00e3o Paulo <a href=\"https:\/\/smoortodontia.com.br\/site\/a-clinica\/\">Leia Mais<\/a><\/p>\n<hr \/>\n<ul>\n<li><span style=\"color: #00ffae;\">RUA TENENTE GOMES RIBEIRO<\/span><\/li>\n<li>N\u00ba 57 CJ 91\/92 VILA MARIANA.<\/li>\n<li>Tel:<span style=\"color: #00ffae;\">(11) 5575.2898 &#8211; 5579-0879<\/span><\/li>\n<li><span color=\"#00ffae\" style=\"color: #00ffae;\">Watsapp: +55 (11) 99799-5810<\/span><\/li>\n<\/ul>\n<p>&nbsp;<\/p>\n<p>&nbsp;<\/p>\n<p>[\/et_pb_text][\/et_pb_column][et_pb_column type=&#8221;1_4&#8243; _builder_version=&#8221;3.25&#8243; custom_padding=&#8221;|||&#8221; _i=&#8221;1&#8243; _address=&#8221;1.0.1&#8243; custom_padding__hover=&#8221;|||&#8221;][et_pb_text _builder_version=&#8221;3.27.3&#8243; text_orientation=&#8221;justified&#8221; background_layout=&#8221;dark&#8221; _i=&#8221;0&#8243; _address=&#8221;1.0.1.0&#8243;]<\/p>\n<h3><span style=\"color: #00ffae;\">Consultas :<\/span><\/h3>\n<ul>\n<li>SEGUNDA-FEIRA\u00a0 <span style=\"color: #00ffae;\">08:00 \u00c0S 20:00<\/span><\/li>\n<li>TER\u00c7A-FEIRA\u00a0 \u00a0 \u00a0 \u00a0 08:00 \u00c0S 20:00<\/li>\n<li>QUARTA-FEIRA\u00a0 \u00a0 \u00a0<span style=\"color: #00ffae;\">08:00 \u00c0S 20:00<\/span><\/li>\n<li>QUINTA-FEIRA\u00a0 \u00a0 \u00a0 08:00 \u00c0S 20:00<\/li>\n<li>SEXTA-FEIRA\u00a0 \u00a0 \u00a0 \u00a0 <span style=\"color: #00ffae;\">08:00 \u00c0S 20:00<\/span><\/li>\n<\/ul>\n<hr \/>\n<p>&nbsp;<\/p>\n<p>[\/et_pb_text][\/et_pb_column][et_pb_column type=&#8221;1_4&#8243; _builder_version=&#8221;3.25&#8243; custom_padding=&#8221;|||&#8221; _i=&#8221;2&#8243; _address=&#8221;1.0.2&#8243; custom_padding__hover=&#8221;|||&#8221;][et_pb_text _builder_version=&#8221;3.8&#8243; text_orientation=&#8221;justified&#8221; background_layout=&#8221;dark&#8221; _i=&#8221;0&#8243; _address=&#8221;1.0.2.0&#8243;]<\/p>\n<h3><span style=\"color: #00ffae;\">Dra Sandra :\u00a0<\/span><\/h3>\n<ul>\n<li>Especialista pela Sociedade Paulista de Ortodontia-SP;<br \/>P\u00f3s-Gradua\u00e7\u00e3o em Ortodontia \u2013 USP;<br \/>P\u00f3s-Gradua\u00e7\u00e3o em Dor Orofacial UNIFESP;<br \/>Fellow em Ortodontia no Roth Williams Center &#8211; USA; Fellow em Ortodontia e Oclus\u00e3o Funcional &#8211;<br \/>Chile.<\/li>\n<\/ul>\n<p>[\/et_pb_text][\/et_pb_column][et_pb_column type=&#8221;1_4&#8243; _builder_version=&#8221;3.25&#8243; custom_padding=&#8221;|||&#8221; _i=&#8221;3&#8243; _address=&#8221;1.0.3&#8243; custom_padding__hover=&#8221;|||&#8221;][et_pb_text _builder_version=&#8221;3.8&#8243; text_orientation=&#8221;justified&#8221; background_layout=&#8221;dark&#8221; _i=&#8221;0&#8243; _address=&#8221;1.0.3.0&#8243;]<\/p>\n<h3><span style=\"color: #00ffae;\">Privacidade:<\/span><\/h3>\n<ul>\n<li>A \u00a0&#8220;SMO&#8221; zela pela privacidade e prote\u00e7\u00e3o dos dados pessoais de seus clientes e visitantes, mantendo assim a rela\u00e7\u00e3o de confian\u00e7a, respeito e transpar\u00eancia. Apenas pessoal qualificado e autorizado tem permiss\u00e3o para acessar os dados coletados.Em nenhuma circunst\u00e2ncia, tais informa\u00e7\u00f5es s\u00e3o vendidas ou compartilhadas com terceiros.<\/li>\n<\/ul>\n<p>[\/et_pb_text][\/et_pb_column][\/et_pb_row][\/et_pb_section]<\/p>\n","protected":false},"excerpt":{"rendered":"<p>Damon System, Orto Lingual e conte\u00fado Ortod\u00f4ntico &nbsp; Assista ao video, leia o conte\u00fado dessa pagina e descubra o porque voce optar\u00e1 em utilizar este aparelho para tornar seu sorriso mais Bonito. Ap\u00f3s a erup\u00e7\u00e3o dos dentes permanentes, o objetivo \u00e9 obter um correto alinhamento dos dentes, proporcionando um sorriso agrad\u00e1vel e uma fun\u00e7\u00e3o adequada.Estes [&hellip;]<\/p>\n","protected":false},"author":1,"featured_media":0,"parent":0,"menu_order":0,"comment_status":"closed","ping_status":"closed","template":"","meta":{"_et_pb_use_builder":"on","_et_pb_old_content":"","_et_gb_content_width":"","footnotes":""},"class_list":["post-111","page","type-page","status-publish","hentry"],"aioseo_notices":[],"_links":{"self":[{"href":"https:\/\/smoortodontia.com.br\/site\/wp-json\/wp\/v2\/pages\/111","targetHints":{"allow":["GET"]}}],"collection":[{"href":"https:\/\/smoortodontia.com.br\/site\/wp-json\/wp\/v2\/pages"}],"about":[{"href":"https:\/\/smoortodontia.com.br\/site\/wp-json\/wp\/v2\/types\/page"}],"author":[{"embeddable":true,"href":"https:\/\/smoortodontia.com.br\/site\/wp-json\/wp\/v2\/users\/1"}],"replies":[{"embeddable":true,"href":"https:\/\/smoortodontia.com.br\/site\/wp-json\/wp\/v2\/comments?post=111"}],"version-history":[{"count":12,"href":"https:\/\/smoortodontia.com.br\/site\/wp-json\/wp\/v2\/pages\/111\/revisions"}],"predecessor-version":[{"id":313,"href":"https:\/\/smoortodontia.com.br\/site\/wp-json\/wp\/v2\/pages\/111\/revisions\/313"}],"wp:attachment":[{"href":"https:\/\/smoortodontia.com.br\/site\/wp-json\/wp\/v2\/media?parent=111"}],"curies":[{"name":"wp","href":"https:\/\/api.w.org\/{rel}","templated":true}]}}