{"id":100,"date":"2018-06-26T13:06:32","date_gmt":"2018-06-26T16:06:32","guid":{"rendered":"http:\/\/smoortodontia.com.br\/site\/?page_id=100"},"modified":"2018-06-26T13:06:32","modified_gmt":"2018-06-26T16:06:32","slug":"localizacao","status":"publish","type":"page","link":"https:\/\/smoortodontia.com.br\/site\/localizacao\/","title":{"rendered":"Localiza\u00e7\u00e3o"},"content":{"rendered":"<p>[et_pb_section bb_built=&#8221;1&#8243; fullwidth=&#8221;on&#8221; specialty=&#8221;off&#8221; next_background_color=&#8221;#000000&#8243; _builder_version=&#8221;3.8&#8243; global_module=&#8221;56&#8243;][et_pb_fullwidth_map global_parent=&#8221;56&#8243; _builder_version=&#8221;3.8&#8243; address_lat=&#8221;-23.598299&#8243; address_lng=&#8221;-46.63747599999999&#8243; address=&#8221;R. Ten. Gomes Ribeiro, 91 &#8211; Vila Clementino, S\u00e3o Paulo &#8211; SP, Brasil&#8221;][et_pb_map_pin _builder_version=&#8221;3.8&#8243; zoom_level=&#8221;18&#8243; pin_address_lat=&#8221;-23.598299&#8243; pin_address_lng=&#8221;-46.63747599999999&#8243; title=&#8221;Rua Tenente Gomes Ribeiro, n\u00b057 cj 91\/92 Vila Mariana&#8221; pin_address=&#8221;R. Ten. Gomes Ribeiro, 91 &#8211; Vila Clementino, S\u00e3o Paulo &#8211; SP, Brasil&#8221;]<\/p>\n<p><img loading=\"lazy\" decoding=\"async\" class=\"alignnone wp-image-43\" src=\"http:\/\/smoortodontia.com.br\/site\/wp-content\/uploads\/2018\/06\/logosmo-300x61.jpg\" alt=\"\" width=\"197\" height=\"40\" srcset=\"https:\/\/smoortodontia.com.br\/site\/wp-content\/uploads\/2018\/06\/logosmo-300x61.jpg 300w, https:\/\/smoortodontia.com.br\/site\/wp-content\/uploads\/2018\/06\/logosmo.jpg 466w\" sizes=\"(max-width: 197px) 100vw, 197px\" \/><\/p>\n<ul>\n<li>Rua Tenente Gomes Ribeiro, n\u00b057 cj 91\/92 Vila Mariana.<\/li>\n<li>Tel:(11) 5575.2898 \/ 5579.0879 Fax: (11) 5083.6053<\/li>\n<\/ul>\n<p>[\/et_pb_map_pin][\/et_pb_fullwidth_map][\/et_pb_section][et_pb_section bb_built=&#8221;1&#8243; specialty=&#8221;off&#8221; _builder_version=&#8221;3.8&#8243; background_color=&#8221;#000000&#8243; global_module=&#8221;48&#8243; prev_background_color=&#8221;#ffffff&#8221;][et_pb_row global_parent=&#8221;48&#8243; _builder_version=&#8221;3.8&#8243; make_fullwidth=&#8221;on&#8221;][et_pb_column type=&#8221;1_4&#8243;][et_pb_text global_parent=&#8221;48&#8243; _builder_version=&#8221;3.8&#8243; text_orientation=&#8221;justified&#8221; background_layout=&#8221;dark&#8221;]<\/p>\n<h3><span style=\"color: #00ffae;\">A Cl\u00ednica:\u00a0<\/span><\/h3>\n<p>A Cl\u00ednica SMO-Ortodontia est\u00e1 localizada\u00a0 em uma das regi\u00f5es privilegiadas da cidade de S\u00e3o Paulo,<br \/>\npr\u00f3xima ao Metr\u00f4 e Shopping Center Santa Cruz, ao Col\u00e9gio\u00a0 Arquidiocesano de S\u00e3o Paulo e ao Hospital S\u00e3o Paulo <a href=\"http:\/\/smoortodontia.com.br\/a-clinica\">Leia Mais<\/a><\/p>\n<hr \/>\n<ul>\n<li><span style=\"color: #00ffae;\">RUA TENENTE GOMES RIBEIRO<\/span><\/li>\n<li>N\u00ba 57 CJ 91\/92 VILA MARIANA.<\/li>\n<li>TEL:<span style=\"color: #00ffae;\">(11) 5575.2898 &#8211; 5579-0879<\/span><\/li>\n<\/ul>\n<p>[\/et_pb_text][\/et_pb_column][et_pb_column type=&#8221;1_4&#8243;][et_pb_text global_parent=&#8221;48&#8243; _builder_version=&#8221;3.8&#8243; text_orientation=&#8221;justified&#8221; background_layout=&#8221;dark&#8221;]<\/p>\n<h3><span style=\"color: #00ffae;\">Consultas :<\/span><\/h3>\n<ul>\n<li>SEGUNDA-FEIRA\u00a0 <span style=\"color: #00ffae;\">09:00 \u00c0S 17:00<\/span><\/li>\n<li>TER\u00c7A-FEIRA\u00a0 \u00a0 \u00a0 \u00a0 09:00 \u00c0S 17:00<\/li>\n<li>QUARTA-FEIRA\u00a0 \u00a0 \u00a0<span style=\"color: #00ffae;\">09:00 \u00c0S 17:00<\/span><\/li>\n<li>QUINTA-FEIRA\u00a0 \u00a0 \u00a0 09:00 \u00c0S 17:00<\/li>\n<li>SEXTA-FEIRA\u00a0 \u00a0 \u00a0 \u00a0 <span style=\"color: #00ffae;\">09:00 \u00c0S 17:00<\/span><\/li>\n<\/ul>\n<hr \/>\n<p><img loading=\"lazy\" decoding=\"async\" class=\"alignnone wp-image-43\" src=\"http:\/\/smoortodontia.com.br\/site\/wp-content\/uploads\/2018\/06\/logosmo-300x61.jpg\" alt=\"\" width=\"236\" height=\"48\" srcset=\"https:\/\/smoortodontia.com.br\/site\/wp-content\/uploads\/2018\/06\/logosmo-300x61.jpg 300w, https:\/\/smoortodontia.com.br\/site\/wp-content\/uploads\/2018\/06\/logosmo.jpg 466w\" sizes=\"(max-width: 236px) 100vw, 236px\" \/><\/p>\n<p>[\/et_pb_text][\/et_pb_column][et_pb_column type=&#8221;1_4&#8243;][et_pb_text global_parent=&#8221;48&#8243; _builder_version=&#8221;3.8&#8243; text_orientation=&#8221;justified&#8221; background_layout=&#8221;dark&#8221;]<\/p>\n<h3><span style=\"color: #00ffae;\">Dra Sandra :\u00a0<\/span><\/h3>\n<ul>\n<li>Especialista pela Sociedade Paulista de Ortodontia-SP;<br \/>\nP\u00f3s-Gradua\u00e7\u00e3o em Ortodontia \u2013 USP;<br \/>\nP\u00f3s-Gradua\u00e7\u00e3o em Dor Orofacial UNIFESP;<br \/>\nFellow em Ortodontia no Roth Williams Center &#8211; USA; Fellow em Ortodontia e Oclus\u00e3o Funcional &#8211;<br \/>\nChile.<\/li>\n<\/ul>\n<p>[\/et_pb_text][\/et_pb_column][et_pb_column type=&#8221;1_4&#8243;][et_pb_text global_parent=&#8221;48&#8243; _builder_version=&#8221;3.8&#8243; text_orientation=&#8221;justified&#8221; background_layout=&#8221;dark&#8221;]<\/p>\n<h3><span style=\"color: #00ffae;\">Privacidade:<\/span><\/h3>\n<ul>\n<li>A \u00a0&#8220;Endolaser&#8221; zela pela privacidade e prote\u00e7\u00e3o dos dados pessoais de seus clientes e visitantes, mantendo assim a rela\u00e7\u00e3o de confian\u00e7a, respeito e transpar\u00eancia. Apenas pessoal qualificado e autorizado tem permiss\u00e3o para acessar os dados coletados.Em nenhuma circunst\u00e2ncia, tais informa\u00e7\u00f5es s\u00e3o vendidas ou compartilhadas com terceiros.<\/li>\n<\/ul>\n<p>[\/et_pb_text][\/et_pb_column][\/et_pb_row][et_pb_row global_parent=&#8221;48&#8243; _builder_version=&#8221;3.8&#8243; make_fullwidth=&#8221;on&#8221;][et_pb_column type=&#8221;4_4&#8243;][et_pb_text global_parent=&#8221;48&#8243; _builder_version=&#8221;3.8&#8243; text_orientation=&#8221;justified&#8221; background_layout=&#8221;dark&#8221;]<\/p>\n<h3 style=\"text-align: center;\"><span style=\"color: #00ffae;\">Tratamento :\u00a0<\/span><\/h3>\n<p>Ap\u00f3s a erup\u00e7\u00e3o dos dentes permanentes, o objetivo \u00e9 obter um correto alinhamento dos dentes, proporcionando um sorriso agrad\u00e1vel e uma fun\u00e7\u00e3o adequada.Estes movimentos dent\u00e1rios s\u00e3o obtidos atrav\u00e9s dos aparelhos fixos(terapia ortod\u00f4ntica). O tratamento ortod\u00f4ntico restabelece uma boa fun\u00e7\u00e3o dent\u00e1ria e melhora a apar\u00eancia do sorriso. \u00c9 importante lembrar que um sorriso bonito, alem de ser agrad\u00e1vel, aumenta a Auto-&#8221; estima.N\u00e3o importa a idade <span style=\"color: #00ffae;\">Saiba Mais<\/span><\/p>\n<p>[\/et_pb_text][\/et_pb_column][\/et_pb_row][\/et_pb_section]<\/p>\n","protected":false},"excerpt":{"rendered":"<p>Rua Tenente Gomes Ribeiro, n\u00b057 cj 91\/92 Vila Mariana. Tel:(11) 5575.2898 \/ 5579.0879 Fax: (11) 5083.6053 A Cl\u00ednica:\u00a0 A Cl\u00ednica SMO-Ortodontia est\u00e1 localizada\u00a0 em uma das regi\u00f5es privilegiadas da cidade de S\u00e3o Paulo, pr\u00f3xima ao Metr\u00f4 e Shopping Center Santa Cruz, ao Col\u00e9gio\u00a0 Arquidiocesano de S\u00e3o Paulo e ao Hospital S\u00e3o Paulo Leia Mais RUA [&hellip;]<\/p>\n","protected":false},"author":1,"featured_media":0,"parent":0,"menu_order":0,"comment_status":"closed","ping_status":"closed","template":"","meta":{"_et_pb_use_builder":"on","_et_pb_old_content":"","_et_gb_content_width":"","footnotes":""},"class_list":["post-100","page","type-page","status-publish","hentry"],"aioseo_notices":[],"_links":{"self":[{"href":"https:\/\/smoortodontia.com.br\/site\/wp-json\/wp\/v2\/pages\/100","targetHints":{"allow":["GET"]}}],"collection":[{"href":"https:\/\/smoortodontia.com.br\/site\/wp-json\/wp\/v2\/pages"}],"about":[{"href":"https:\/\/smoortodontia.com.br\/site\/wp-json\/wp\/v2\/types\/page"}],"author":[{"embeddable":true,"href":"https:\/\/smoortodontia.com.br\/site\/wp-json\/wp\/v2\/users\/1"}],"replies":[{"embeddable":true,"href":"https:\/\/smoortodontia.com.br\/site\/wp-json\/wp\/v2\/comments?post=100"}],"version-history":[{"count":1,"href":"https:\/\/smoortodontia.com.br\/site\/wp-json\/wp\/v2\/pages\/100\/revisions"}],"predecessor-version":[{"id":102,"href":"https:\/\/smoortodontia.com.br\/site\/wp-json\/wp\/v2\/pages\/100\/revisions\/102"}],"wp:attachment":[{"href":"https:\/\/smoortodontia.com.br\/site\/wp-json\/wp\/v2\/media?parent=100"}],"curies":[{"name":"wp","href":"https:\/\/api.w.org\/{rel}","templated":true}]}}